{"id":100,"date":"2015-12-22T01:16:02","date_gmt":"2015-12-21T23:16:02","guid":{"rendered":"http:\/\/ceaisiciocolata.ro\/ceai\/shop\/winter-dream\/"},"modified":"2023-12-03T14:22:07","modified_gmt":"2023-12-03T12:22:07","slug":"winter-dream","status":"publish","type":"product","link":"https:\/\/ceaisiciocolata.ro\/ceai\/shop\/winter-dream\/","title":{"rendered":"Winter Dream"},"content":{"rendered":"","protected":false},"excerpt":{"rendered":"<p><strong>Ingrediente<\/strong> scor\u021bi\u0219oar\u0103, coaj\u0103 de portocal\u0103, mate, ment\u0103, lemongrass, morcov, arome naturale<\/p>\n<p><strong>Gramaj<\/strong> 250g<\/p>\n<p><strong>Preparare<\/strong> 3-5 g, 90 grade, 8 minute<\/p>\n","protected":false},"featured_media":2926,"comment_status":"closed","ping_status":"closed","template":"","meta":[],"aioseo_notices":[],"_links":{"self":[{"href":"https:\/\/ceaisiciocolata.ro\/ceai\/wp-json\/wp\/v2\/product\/100"}],"collection":[{"href":"https:\/\/ceaisiciocolata.ro\/ceai\/wp-json\/wp\/v2\/product"}],"about":[{"href":"https:\/\/ceaisiciocolata.ro\/ceai\/wp-json\/wp\/v2\/types\/product"}],"replies":[{"embeddable":true,"href":"https:\/\/ceaisiciocolata.ro\/ceai\/wp-json\/wp\/v2\/comments?post=100"}],"wp:featuredmedia":[{"embeddable":true,"href":"https:\/\/ceaisiciocolata.ro\/ceai\/wp-json\/wp\/v2\/media\/2926"}],"wp:attachment":[{"href":"https:\/\/ceaisiciocolata.ro\/ceai\/wp-json\/wp\/v2\/media?parent=100"}],"curies":[{"name":"wp","href":"https:\/\/api.w.org\/{rel}","templated":true}]}}