{"id":363,"date":"2018-12-02T13:42:31","date_gmt":"2018-12-02T11:42:31","guid":{"rendered":"http:\/\/ceaisiciocolata.ro\/ciocolata\/?page_id=363"},"modified":"2018-12-02T13:42:32","modified_gmt":"2018-12-02T11:42:32","slug":"prelucrarea-datelor-cu-caracter-personal","status":"publish","type":"page","link":"https:\/\/ceaisiciocolata.ro\/ciocolata\/prelucrarea-datelor-cu-caracter-personal\/","title":{"rendered":"Prelucrarea datelor cu caracter personal"},"content":{"rendered":"<p>Prelucrarea datelor cu caracter personal<\/p>\n<p>Urmatoarea informare este conceputa pentru a va aduce la cunostinta aspectele cu privire la prelucrarea datelor dvs. personale si la drepturile dvs. privind aceasta prelucrare \u00een conformitate cu Regulamentul general 2016\/679 privind protectia datelor (\u201cGDPR\u201d) si legislatia nationala \u00een vigoare.<\/p>\n<p>1.\tInformatii generale<\/p>\n<p>Noi, societatea S.C. I.P.C. TRADE S.R.L, cu sediul social \u00een sJude\u021bul Iasi, Ora\u0219 Iasi, \u0218oseaua Bucium nr. 23, incinta Niciman av\u00e2nd codul de \u00eenregistrare fiscal\u0103 RO 16211900, \u00eenregistrat\u0103 la Oficiul Registrului Comer\u021bului sub nr. : J22\/439\/2004, (\u201eSocietatea\u201c), reprezentam operatorul \u00een conformitate cu GDPR. Datele de contact ale responsabilului Societatii cu protec\u0163ia datelor sunt  e-mail: office@passionproducts.ro telefon : 0752030201<\/p>\n<p>2.\tScopul prelucrarii \u0219i categoriile de date prelucrate:<\/p>\n<p>Societatea prelucreaz\u0103 datele dvs. cu caracter personal in urmatoarele scopuri:<\/p>\n<p>\u2981 In scopul furnizarii de produse \/ prestarii de servicii din domeniul comertului cu ridicata nespecializat de produse alimentare bauturi si tutun in vederea indeplinirii obligatiilor legale ale Societatii;<\/p>\n<p>\u2981 In scopul urmaririi intereselor legitime ale Societatii;<\/p>\n<p>\u2981 In urmatoarele scopuri, toate vizand domeniul de activitate al Societatii:<\/p>\n<p>\u2981 Furnizarea de informatii cu privire la oferte comerciale (ex: newsletter, mesaje electronice pe diverse canale etc)<\/p>\n<p>\u2981 Furnizarea de informatii cu privire la evenimentele Societatii<\/p>\n<p>\u2981 Furnizarea de informatii de asistenta a nevoilor legate de un anumit produs<\/p>\n<p>\u2981 Participarea la sondaje de opinie cu privire la produsele si serviciile Societatii<\/p>\n<p>\u00cen S.C. I.P.C. TRADE S.R.Lsunt prelucrate urm\u0103toarele categorii de date:<\/p>\n<p>\u2022 Numele, documentul de identitate, func\u0163ia, adresa, e-mailul, numerele de telefon fix \u0219i\/sau mobil.<\/p>\n<p>\u2022 Contactul dvs. cu noi, cum ar fi o not\u0103 sau \u00eenregistrarea unui apel pe care l-a\u021bi f\u0103cut c\u0103tre unul dintre centrele noastre de contact, un serviciu de Rela\u0163ii cu Clien\u0163ii, un e-mail sau o scrisoare transmise sau alte eviden\u021be ale unui contact cu noi<\/p>\n<p>\u2022 Informa\u021bii privind contul dvs., cum ar fi datele pl\u0103\u021bilor datorate sau primite, abonamentele pe care le utiliza\u021bi, numerele de cont sau alte informa\u021bii \u00een leg\u0103tur\u0103 cu contul dvs. sau care sunt incluse \u00een portalul nostru de gestionare a rela\u0163iei comerciale cu fiecare client;<\/p>\n<p>\u2022 Informa\u021bii privind legitimitatea accesului \u2013 vom colecta parole, indicii \u0219i informa\u021bii de securitate similare utilizate pentru autentificare \u0219i accesul la conturi \u0219i servicii;<\/p>\n<p>\u2022 Preferin\u021bele dvs. pentru anumite produse, servicii \u0219i stil de via\u021b\u0103 atunci c\u00e2nd ne spune\u021bi care sunt acestea sau atunci c\u00e2nd presupunem care sunt, \u00een baza modului \u00een care utiliza\u021bi produsele \u0219i serviciile S.C. I.P.C. TRADE S.R.L<\/p>\n<p>\u2022 Preferin\u0163ele \u00een materie de marketing;<\/p>\n<p>\u2022 A se vedea sec\u021biunea Cookie-uri pentru detalii privind ceea ce colect\u0103m utiliz\u00e2nd cookie-uri, web beacons \u0219i alte tehnologii, inclusiv date privind reclamele;<\/p>\n<p>\u2022 Istoricul dvs. de navigare. S.C. I.P.C. TRADE S.R.Lcolecteaz\u0103 categoriile de site-uri web pe care a\u021bi navigat de pe mobilul, dispozitivul sau PC-ul propriu, de exemplu sport, muzic\u0103 sau \u0219tiri. Cu toate acestea, nu avem un istoric al site-urilor pe care naviga\u021bi, acesta fiind limitat la o scurt\u0103 perioad\u0103 de timp pentru a permite efectuarea conexiunii. Utiliz\u0103m aceste informa\u021bii privind interesele pentru a v\u0103 trimite oferte de marketing personalizate sau pentru a v\u0103 ar\u0103ta reclame personalizate. Pute\u021bi s\u0103 renun\u021ba\u021bi la reclame conform sec\u021biunii Cookie-uri pe site-ul nostru www.ceaisiciocolata.ro sau, \u00een cazul marketingului, prin intermediul sec\u021biuniilor de setari de pe site-urile partenere;<\/p>\n<p>\u2022 Informa\u021biile pe care le ob\u021binem din alte surse, cum ar fi autorit\u0103\u0163i publice sau private, agen\u021bii de prevenire a fraudelor, precum \u0219i de al\u021bi furnizori de date. Acestea includ date demografice, date referitoare la interese, precum \u0219i comportamentul la navigarea online.<\/p>\n<p>\u2022 Pentru \u00eembun\u0103t\u0103\u021birea serviciilor oferite, convorbirea cu consultan\u021bii no\u0219tri ar putea fi \u00eenregistrat\u0103 \u0219i transcris\u0103 \u00een format text. Dac\u0103 sunte\u021bi de acord s\u0103 autoriza\u021bi \u00eenregistrarea \u0219i transcrierea, continua\u021bi apelul cu consultan\u021bii no\u0219tri. \u00cen cazul \u00een care nu dori\u021bi acest lucru, v\u0103 rug\u0103m s\u0103 \u00eenchide\u021bi apelul \u0219i s\u0103 ne contacta\u021bi prin celelalte mijloace de comunicare astfel cum sunt prezentate \u00een prezentul document (email sau sistemul de chat de pe site-ul www.ceaisiciocolata.ro)<\/p>\n<p>\u2022 Pentru programul de loialitate const\u00e2nd \u00een oferirea unor avantaje, reduceri, discounturi pentru recompensarea fidelit\u0103\u0163ii clientului.<\/p>\n<p>\u2022 Nivelul serviciilor care vi se presteaz\u0103 \u2013 de exemplu, probleme opera\u0163ionale \u0219i alte evenimente care pot afecta serviciile noastre;<\/p>\n<p>\u2022 R\u0103spunsurile la invita\u0163ii \u015fi confirm\u0103rile de participare la evenimente.<\/p>\n<p>Datele personale pe care le prelucr\u0103m sunt, \u00een principal, datele tale de identificare, tranzac\u0163ionale, financiare, demografice, de localizare sau alte date personale pe care le colectam direct de la dumneavoastr\u0103 sau din alte surse atunci c\u00e2nd deveni\u0163i clientul nostru, sau c\u00e2nd folosi\u0163i produsele sau serviciile noastre.<\/p>\n<p>Datele cu caracter personal sensibile dezv\u0103luie originea dumneavoastr\u0103 rasiala \u015fi etnica, opiniile politice, convingerile religioase \u015fi filozofice, afilierea sindical\u0103, datele genetice, datele biometrice, datele referitoare la s\u0103n\u0103tate sau datele referitoare la via\u0163a sau orientarea sexual\u0103.<\/p>\n<p>S.C. I.P.C. TRADE S.R.Lnu colecteaz\u0103 de la dumneavoastr\u0103 \u00een mod inten\u0163ionat date cu caracter personal sensibile pentru a le stoca.<\/p>\n<p>Temeiul juridic al prelucrarii<\/p>\n<p>Baza legala pentru colectarea si procesarea datelor dumneavoastra pentru fiecare din scopurile mentionate mai sus este:<\/p>\n<p>\u2981 Contractul de furnizare sau prestari servicii la care dumneavoastra sunteti parte sau cererea dumneavoastra inainte de incheierea unui contract;<\/p>\n<p>\u2981 Interesele comerciale legitime ale Societ\u0103\u021bii, de exemplu, prevenirea fraudelor, men\u021binerea securit\u0103\u021bii serviciilor noastre, marketing direct \u0219i \u00eembun\u0103t\u0103\u021birea serviciilor noastre. Ori de c\u00e2te ori ne baz\u0103m pe acest temei juridic pentru a prelucra datele dvs., evalu\u0103m interesele noastre comerciale pentru a ne asigura c\u0103 acestea nu prevaleaz\u0103 asupra drepturilor dvs. \u00cen plus, \u00een unele cazuri ave\u021bi dreptul de a v\u0103 opune acestei prelucr\u0103ri. Interesul legitim al Societatii pentru a ne permite exercitarea drepturilor prevazute de lege in favoarea noastra, pentru a actiona in justitie contra oricerei activitati ilegale sau care prejudiciaza Societatea<\/p>\n<p>\u2981 Conformarea cu o cerin\u021b\u0103 legal\u0103 imperativ\u0103, de exemplu, cerin\u021be contabile \u0219i fiscale, care fac obiectul unor politici interne stricte (cum ar fi perioadele de p\u0103strare), proceduri, \u0219i dreptul dvs. de a restric\u021biona utilizarea datelor proprii, care controleaz\u0103 obiectul serviciilor noastre ce vor fi prestate; sau<\/p>\n<p>\u2981 \u00cen plus, \u00een masura \u00een care a\u0163i fost de acord, consimtamantul dumneavoastra. Prelucrarea datelor cu caracter personal \u00een baza consimtamantului reprezint\u0103 un scop aditional prelucr\u0103rii datelor personale \u00een vederea execut\u0103rii contractului la care sunteti parte \u015fi nu condi\u0163ioneaz\u0103 furnizarea\/prestarea serviciilor contractuale.<\/p>\n<p>\u2981 Prelucrarea este necesar\u0103 pentru \u00eendeplinirea unei sarcini care serve\u0219te unui interes public<\/p>\n<p>Vom colecta datele dvs. cu caracter personal atunci c\u00e2nd, de exemplu:<\/p>\n<p>\u2022 Cump\u0103ra\u021bi sau utiliza\u021bi oricare dintre produsele \u0219i serviciile noastre;<\/p>\n<p>\u2022 V\u0103 \u00eenregistra\u021bi pentru un anumit produs sau serviciu;<\/p>\n<p>\u2022 V\u0103 abona\u021bi la buletine informative, alerte sau alte servicii oferite de noi;<\/p>\n<p>\u2022 Ne contacta\u021bi prin diverse canale, sau ne solicita\u021bi informa\u021bii \u00een leg\u0103tur\u0103 cu un produs sau serviciu;<\/p>\n<p>\u2022 Vizita\u021bi sau naviga\u021bi pe site-ul nostru sau alte site-uri partenere.<\/p>\n<p>\u2022 A\u021bi acordat permisiunea altor societ\u0103\u021bi, cum ar fi partenerii no\u0219tri comerciali sau asocia\u021bii no\u0219tri, precum \u0219i unor ter\u021bi furnizori sau contractan\u021bi ai no\u0219tri, s\u0103 fac\u0103 schimb de informa\u021bii cu noi cu privire la dvs.;<\/p>\n<p>\u2022 Atunci c\u00e2nd datele dvs. cu caracter personal sunt publice; sau<\/p>\n<p>\u2022 Sunte\u021bi clientul\/beneficiarul unei activit\u0103\u021bi comerciale pe care o achizi\u021bion\u0103m\/prestam.<\/p>\n<p>De asemenea, colect\u0103m informa\u021bii de la anumite organiza\u021bii, dac\u0103 este cazul \u0219i \u00een m\u0103sura \u00een care avem temeiuri legale \u00een acest sens. Acestea includ agen\u021bii de prevenire a fraudelor, anuare comerciale, agen\u021bii de verificare\/control, agen\u021bii de calculare a facturii \u0219i prestatori servicii contractate.<\/p>\n<p>Utiliz\u0103m cookie-uri (fi\u0219iere text de mici dimensiuni stocate \u00een browser-ul dvs.) \u0219i alte tehnici cum ar fi web beacons (fi\u0219iere de tip imagine mici, transparente utilizate pentru a urm\u0103ri mi\u0219c\u0103rile dvs. pe site-ul nostru). Pentru detalii suplimentare \u00een acest sens \u0219i \u00een leg\u0103tur\u0103 cu modul de a opta pentru renun\u021barea la acestea, v\u0103 rug\u0103m s\u0103 consulta\u021bi sec\u021biunea Cookie-uri pe site-ul nostru www.ceaisiciocolata.ro<\/p>\n<p>3.\tCategoriile de destinatari catre care se pot divulga datele personale colectate:<\/p>\n<p>Pentru a atinge scopurile mai sus prevazute, utilizam urmatoarele categorii de furnizori de produse si servicii\/ imputerniciti :<\/p>\n<p>\u2981 Furnizorii implicati in mod direct\/indirect in furnizarea produselor si prestarea serviciilor din domeniul desfasurat de catre S.C. I.P.C. TRADE S.R.L;<\/p>\n<p>\u2981 Autoritatile statului (inclusiv autoritati fiscale);<\/p>\n<p>\u2981 Contabili, auditori, experti judiciari, avocati sau alti asemenea consilieri externi ai Societatii sau catre terte persoane care furnizeaza produse si servicii companiei (furnizorii de servicii de paza, de sisteme IT, consultanti financiari)<\/p>\n<p>\u2981 Furnizorii Societatii implicati in mod direct\/indirect in procesul de marketing si promovare.<\/p>\n<p>4.\tDurata pastrarii<\/p>\n<p>Datele Dumneavoastra personale vor fi p\u0103strate de Societate pentru o perioad\u0103 care nu dep\u0103\u0219e\u0219te perioada necesar\u0103 pentru a atinge scopurile descrise mai sus \u0219i\/sau pentru orice alt\u0103 durat\u0103 necesar\u0103 \u00een virtutea obliga\u021biilor legale aplicabile Societatii. De regul\u0103 datele dumneavoastr\u0103 se p\u0103streaz\u0103 c\u00e2t timp ave\u021bi un cont pe platforma noastr\u0103 \u00eens\u0103 unele din ele pot fi p\u0103strate ulterior \u00eenchiderii contului pe un termen de 10 ani conform legisla\u021biei fiscale aplicabile sau c\u00e2nd interesele noastre legitime o impun.<\/p>\n<p>5.\tDrepturile dumneavoastra<\/p>\n<p>Regulamentul confer\u0103 persoanelor c\u0103rora li se prelucreaz\u0103 date personale o serie de drepturi. Astfel, pe l\u00e2ng\u0103 drepturile existente \u00een prezent, reg\u0103sim \u015fi dreptul la portabilitatea datelor \u015fi pe cel de stergere a datelor. Pe scurt, drepturile pe care le ave\u0163i:<\/p>\n<p>Dreptul de a retrage oric\u00e2nd un consimtam\u00e2nt dat \u00een vederea opririi unei prelucrari a datelor care se bazeaza pe consimtam\u00e2ntul dvs. Retragerea nu va afecta legalitatea prelucrarii pe baza consimtam\u00e2ntului acordat \u00eenainte de retragere, pentru executarea unui contract, in vederea indeplinirii unei obligatii legale sau in scopul urmaririi intereselor noastre legitime.<\/p>\n<p>Dreptul de acces &#8211; \u00eenseamn\u0103 c\u0103 ave\u0163i dreptul de a ob\u0163ine o confirmare din partea noastr\u0103 c\u0103 prelucr\u0103m sau nu datele cu caracter personal care v\u0103 privesc \u015fi, \u00een caz afirmativ, ave\u0163i acces la datele respective \u015fi la informa\u0163iile privind modalitatea \u00een care sunt prelucrate aceste date.<\/p>\n<p>Dreptul la portabilitatea datelor &#8211; se refer\u0103 la dreptul de a primi datele personale \u00eentr-un format structurat, utilizat \u00een mod curent de c\u0103tre noi \u015fi care poate fi citit automat, dar \u015fi la dreptul ca aceste date s\u0103 fie transmise direct altui operator, dac\u0103 acest lucru este fezabil din punct de vedere tehnic.<\/p>\n<p>Dreptul la opozitie &#8211; vizeaz\u0103 dreptul dumneavoastr\u0103 de a v\u0103 opune prelucr\u0103rii datelor personale atunci c\u00e2nd prelucrarea este necesar\u0103 pentru \u00eendeplinirea unei sarcini care serve\u015fte unui interes public sau c\u00e2nd are \u00een vedere un interes legitim al operatorului. Atunci c\u00e2nd prelucrarea datelor cu caracter personal are drept scop marketingul direct sau prelucr\u0103ri efectuate \u00een baza consim\u0163\u0103m\u00e2ntului expres, ave\u0163i dreptul de a v\u0103 opune prelucrarii \u00een orice moment.<\/p>\n<p>Dreptul la rectificare &#8211; se refer\u0103 la corectarea, f\u0103r\u0103 \u00eent\u00e2rzieri nejustificate, a datelor cu caracter personal inexacte. Rectificarea va fi comunicat\u0103 fiecarui destinatar la care au fost transmise datele, cu excep\u0163ia cazului \u00een care acest lucru se dovede\u015fte imposibil sau presupune eforturi dispropor\u0163ionate.<\/p>\n<p>Dreptul la \u015ftergerea datelor (\u201edreptul de a fi uitat\u201d) &#8211; \u00eenseamn\u0103 c\u0103 ave\u0163i dreptul de a solicita \u015ftergerea datelor cu caracter personal, f\u0103r\u0103 \u00eent\u00e2rzieri nejustificate, \u00een cazul \u00een care se aplic\u0103 unul dintre urm\u0103toarele motive: acestea nu mai sunt necesare pentru \u00eendeplinirea scopurilor pentru care au fost colectate sau prelucrate; v\u0103 retrage\u0163i consim\u0163\u0103m\u00e2ntul \u015fi nu exist\u0103 niciun alt temei juridic pentru prelucrare; v\u0103 opune\u0163i prelucr\u0103rii \u015fi nu exist\u0103 alte motive legitime care s\u0103 prevaleze; datele cu caracter personal au fost prelucrate ilegal; datele cu caracter personal trebuie \u015fterse pentru respectarea unei obliga\u0163ii legale; datele cu caracter personal au fost colectate \u00een leg\u0103tur\u0103 cu oferirea de servicii ale societ\u0103\u0163ii informationale.<\/p>\n<p>Dreptul la restric\u0163ionarea prelucr\u0103rii &#8211; poate fi exercitat \u00een cazul \u00een care persoana contesta exactitatea datelor, pe o perioad\u0103 necesar\u0103 verific\u0103rii corectitudinii datelor; prelucrarea este ilegal\u0103, iar dumneavoastr\u0103 v\u0103 opune\u0163i \u015ftergerii datelor cu caracter personal, solicit\u00e2nd \u00een schimb restric\u0163ionarea; \u00een cazul \u00een care S.C. I.P.C. TRADE S.R.Lnu mai are nevoie de datele cu caracter personal \u00een scopul prelucr\u0103rii, dar persoana i le solicit\u0103 pentru constatarea, exercitarea sau ap\u0103rarea unui drept \u00een instan\u0163\u0103; \u00een cazul \u00een care persoana s-a opus prelucr\u0103rii pentru intervalul de timp \u00een care se verific\u0103 dac\u0103 drepturile legitime ale operatorului prevaleaz\u0103 asupra celor ale persoanei respective.<\/p>\n<p>Dreptul de a depune o plangere &#8211; pl\u00e2ngeri referitoare la prelucrarea datelor personale pot fi adresate Autorit\u0103\u0163ii Na\u0163ionale de Supraveghere a Prelucr\u0103rii Datelor cu Caracter Personal.<\/p>\n<p>Pentru exercitarea acestor drepturi, precum si pentru orice intrebari suplimentare cu privire la aceasta informare sau in legatura cu utilizarea de catre Societate a datelor personale, va rugam sa contactati ofiterul nostru pentru protectia datelor, alegand oricare din modalitatile de comunicare descrise mai jos.<\/p>\n<p>Ne puteti contacta:<\/p>\n<p>\u2981\tPrin email &#8211; la adresa: office@passionproducts.ro sau<\/p>\n<p>\u2981\tPersonal sau printr-o cerere trimisa prin posta &#8211; la Sediul Societatii (la adresa mentionata la pct. 1); sau<\/p>\n<p>\u2981\tTelefonic &#8211; la numarul: 0752030201<\/p>\n","protected":false},"excerpt":{"rendered":"<p>Prelucrarea datelor cu caracter personal Urmatoarea informare este conceputa pentru a va aduce la cunostinta aspectele cu privire la prelucrarea datelor dvs. personale si la drepturile dvs. privind aceasta prelucrare \u00een conformitate cu Regulamentul general 2016\/679 privind protectia datelor (\u201cGDPR\u201d) si legislatia nationala \u00een vigoare. 1. Informatii generale Noi, societatea S.C. I.P.C. TRADE S.R.L, cu sediul social \u00een sJude\u021bul Iasi, Ora\u0219 Iasi, \u0218oseaua Bucium nr. 23, incinta Niciman av\u00e2nd codul de \u00eenregistrare fiscal\u0103 RO 16211900,&hellip;<\/p>\n","protected":false},"author":9,"featured_media":0,"parent":0,"menu_order":0,"comment_status":"closed","ping_status":"closed","template":"","meta":[],"aioseo_notices":[],"_links":{"self":[{"href":"https:\/\/ceaisiciocolata.ro\/ciocolata\/wp-json\/wp\/v2\/pages\/363"}],"collection":[{"href":"https:\/\/ceaisiciocolata.ro\/ciocolata\/wp-json\/wp\/v2\/pages"}],"about":[{"href":"https:\/\/ceaisiciocolata.ro\/ciocolata\/wp-json\/wp\/v2\/types\/page"}],"author":[{"embeddable":true,"href":"https:\/\/ceaisiciocolata.ro\/ciocolata\/wp-json\/wp\/v2\/users\/9"}],"replies":[{"embeddable":true,"href":"https:\/\/ceaisiciocolata.ro\/ciocolata\/wp-json\/wp\/v2\/comments?post=363"}],"version-history":[{"count":1,"href":"https:\/\/ceaisiciocolata.ro\/ciocolata\/wp-json\/wp\/v2\/pages\/363\/revisions"}],"predecessor-version":[{"id":364,"href":"https:\/\/ceaisiciocolata.ro\/ciocolata\/wp-json\/wp\/v2\/pages\/363\/revisions\/364"}],"wp:attachment":[{"href":"https:\/\/ceaisiciocolata.ro\/ciocolata\/wp-json\/wp\/v2\/media?parent=363"}],"curies":[{"name":"wp","href":"https:\/\/api.w.org\/{rel}","templated":true}]}}