{"id":563,"date":"2021-10-14T14:32:31","date_gmt":"2021-10-14T12:32:31","guid":{"rendered":"http:\/\/ceaisiciocolata.ro\/ciocolata\/?post_type=product&#038;p=563"},"modified":"2025-10-16T12:28:38","modified_gmt":"2025-10-16T10:28:38","slug":"ciocolata-calda-fondanta-arthemia-36-plicuri-35g","status":"publish","type":"product","link":"https:\/\/ceaisiciocolata.ro\/ciocolata\/shop\/ciocolata-calda-fondanta-arthemia-36-plicuri-35g\/","title":{"rendered":"Ciocolat\u0103 cald\u0103 fondant\u0103 Arthemia (36 plicuri\/35g)"},"content":{"rendered":"","protected":false},"excerpt":{"rendered":"<p>Cu un gust intens si hotarat, pentru adev\u0103ra\u021bii iubitori ai aromei p\u0103trunz\u0103toare de ciocolat\u0103.<\/p>\n<p>Ciocolata cald\u0103 Arthemia se prezint\u0103 \u00een plicule\u021be cu un ridicat con\u021binut de cacao de cea mai bun\u0103 calitate. Po\u021bi sim\u021bi gustul, dulcea\u021ba \u0219i autenticitatea celei mai bune ciocolate italiene, complet naturale.<br \/>\nNu are gluten, nu are OGM si nici gr\u0103simi hidrogenate.<br \/>\nCutie cu 36 de plicuri x 35 g<\/p>\n","protected":false},"featured_media":564,"comment_status":"closed","ping_status":"closed","template":"","meta":[],"aioseo_notices":[],"_links":{"self":[{"href":"https:\/\/ceaisiciocolata.ro\/ciocolata\/wp-json\/wp\/v2\/product\/563"}],"collection":[{"href":"https:\/\/ceaisiciocolata.ro\/ciocolata\/wp-json\/wp\/v2\/product"}],"about":[{"href":"https:\/\/ceaisiciocolata.ro\/ciocolata\/wp-json\/wp\/v2\/types\/product"}],"replies":[{"embeddable":true,"href":"https:\/\/ceaisiciocolata.ro\/ciocolata\/wp-json\/wp\/v2\/comments?post=563"}],"wp:featuredmedia":[{"embeddable":true,"href":"https:\/\/ceaisiciocolata.ro\/ciocolata\/wp-json\/wp\/v2\/media\/564"}],"wp:attachment":[{"href":"https:\/\/ceaisiciocolata.ro\/ciocolata\/wp-json\/wp\/v2\/media?parent=563"}],"curies":[{"name":"wp","href":"https:\/\/api.w.org\/{rel}","templated":true}]}}